{"id":721,"date":"2019-08-23T06:54:47","date_gmt":"2019-08-23T06:54:47","guid":{"rendered":"https:\/\/the7.io\/hotel\/?page_id=721"},"modified":"2023-04-27T21:07:47","modified_gmt":"2023-04-27T19:07:47","slug":"home-2","status":"publish","type":"page","link":"https:\/\/pensjonat-gosciniec.pl\/","title":{"rendered":"Homepage with slideshow"},"content":{"rendered":"<section class=\"wpb-content-wrapper\"><p>[vc_row content_placement=&#8221;middle&#8221; css=&#8221;.vc_custom_1580471293723{margin-right: 0px !important;margin-left: 0px !important;padding-top: 90px !important;padding-bottom: 90px !important;}&#8221;][vc_column parallax=&#8221;content-moving&#8221; parallax_image=&#8221;57368&#8243; width=&#8221;1\/2&#8243; css=&#8221;.vc_custom_1682349551226{margin-top: -60px !important;margin-right: 0px !important;padding-top: 200px !important;padding-right: 0px !important;padding-bottom: 200px !important;}&#8221;][\/vc_column][vc_column width=&#8221;1\/2&#8243; css=&#8221;.vc_custom_1580473381675{padding-top: 90px !important;padding-right: 12% !important;padding-bottom: 90px !important;padding-left: 12% !important;background-color: #ffffff !important;}&#8221;]<div id=\"ultimate-heading-824569e20be8d22da\" class=\"uvc-heading ult-adjust-bottom-margin ultimate-heading-824569e20be8d22da uvc-2574  uvc-heading-default-font-sizes\" data-hspacer=\"no_spacer\"  data-halign=\"left\" style=\"text-align:left\"><div class=\"uvc-heading-spacer no_spacer\" style=\"top\"><\/div><div class=\"uvc-main-heading ult-responsive\"  data-ultimate-target='.uvc-heading.ultimate-heading-824569e20be8d22da p'  data-responsive-json-new='{\"font-size\":\"\",\"line-height\":\"\"}' ><p style=\"--font-weight:theme;margin-bottom:20px;\">Pensjonat Go\u015bciniec<\/p><\/div><div class=\"uvc-sub-heading ult-responsive\"  data-ultimate-target='.uvc-heading.ultimate-heading-824569e20be8d22da .uvc-sub-heading '  data-responsive-json-new='{\"font-size\":\"\",\"line-height\":\"\"}'  style=\"font-weight:normal;margin-bottom:35px;\"><\/p>\n<h2 class=\"fancy-subtitle start-animation-done start-animation\">wita&#8230;<\/h2>\n<p><\/div><\/div>[vc_column_text css=&#8221;.vc_custom_1682349421566{margin-bottom: 30px !important;}&#8221;]<\/p>\n<p style=\"text-align: left;\">Szczyrk to pi\u0119kne miasteczko w Beskidzie \u015al\u0105skim, kt\u00f3re przyci\u0105ga turyst\u00f3w przez ca\u0142y rok. Pensjonat Go\u015bciniec Szczyrk oferuje wiele atrakcji dla swoich go\u015bci.<\/p>\n<p>[\/vc_column_text][\/vc_column][\/vc_row][vc_row full_width=&#8221;stretch_row&#8221; content_placement=&#8221;middle&#8221; bg_type=&#8221;image&#8221; parallax_style=&#8221;vcpb-vz-jquery&#8221; bg_image_new=&#8221;id^57375|url^https:\/\/pensjonat-gosciniec.pl\/wp-content\/uploads\/2023\/04\/20190111_143623-2-scaled.jpg|caption^null|alt^null|title^20190111_143623 (2)|description^null&#8221; bg_image_repeat=&#8221;repeat-y&#8221; parallax_sense=&#8221;60&#8243; bg_override=&#8221;full&#8221; enable_overlay=&#8221;enable_overlay_value&#8221; overlay_color=&#8221;rgba(0,0,0,0.5)&#8221; css=&#8221;.vc_custom_1682446408721{margin-bottom: 80px !important;padding-top: 90px !important;padding-bottom: 50px !important;}&#8221;][vc_column width=&#8221;5\/6&#8243; offset=&#8221;vc_col-lg-offset-1 vc_col-lg-10 vc_col-md-offset-1 vc_col-md-10 vc_col-sm-offset-1&#8243;]<div id=\"ultimate-heading-679469e20be8d22f9\" class=\"uvc-heading ult-adjust-bottom-margin ultimate-heading-679469e20be8d22f9 uvc-2709  uvc-heading-default-font-sizes\" data-hspacer=\"no_spacer\"  data-halign=\"center\" style=\"text-align:center\"><div class=\"uvc-heading-spacer no_spacer\" style=\"top\"><\/div><div class=\"uvc-main-heading ult-responsive\"  data-ultimate-target='.uvc-heading.ultimate-heading-679469e20be8d22f9 p'  data-responsive-json-new='{\"font-size\":\"\",\"line-height\":\"\"}' ><p style=\"--font-weight:theme;color:#ffffff;margin-bottom:20px;\">Rekreacja ka\u017cd\u0105 por\u0105<\/p><\/div><\/div><span id=\"creative-link-wrap-8693\" class=\"ult_main_cl ult-adjust-bottom-margin  \" >\n\t \t\t\t<span class=\"ult_cl_link_3  ult_crlink\" >\n\t\t\t\t\t<a  data-ultimate-target='#creative-link-wrap-8693 .ult_colorlink'  data-responsive-json-new='{\"font-size\":\"\",\"line-height\":\"\"}'  href=\"https:\/\/pensjonat-gosciniec.pl\/?page_id=539\" title=\"Sezon letni\"  class=\"ult_colorlink ult-responsive  vc_custom_1682622441022\" style=\"font-weight:normal; \"  data-textcolor=\"#ffffff\" data-texthover=\"#ffffff\"data-style=\"Style_3\">\n\t\t\t\t\t\t\n\t\t\t\t\t\t<span data-hover=\"Sprawd\u017a co w okolicy - sezon letni\" style=\"color:#ffffff;;;\" class=\"ult_btn10_span   \">Sprawd\u017a co w okolicy - sezon letni<\/span>\n\t\t\t\t\t\t<span class=\"ult_link_btm3 \" style=\"border-color:#ffffff;border-bottom-width:2px;border-style:solid;\"><\/span>\n\t\t\t\t\t<\/a>\n\t\t\t\t<\/span>\n\t\t\t<\/span><span id=\"creative-link-wrap-3527\" class=\"ult_main_cl ult-adjust-bottom-margin  \" >\n\t \t\t\t<span class=\"ult_cl_link_3  ult_crlink\" >\n\t\t\t\t\t<a  data-ultimate-target='#creative-link-wrap-3527 .ult_colorlink'  data-responsive-json-new='{\"font-size\":\"\",\"line-height\":\"\"}'  href=\"https:\/\/pensjonat-gosciniec.pl\/?page_id=537\" title=\"Sezon letni\"  class=\"ult_colorlink ult-responsive  vc_custom_1682622464581\" style=\"font-weight:normal; \"  data-textcolor=\"#ffffff\" data-texthover=\"#ffffff\"data-style=\"Style_3\">\n\t\t\t\t\t\t\n\t\t\t\t\t\t<span data-hover=\"Sprawd\u017a co w okolicy - sezon zimowy\" style=\"color:#ffffff;;;\" class=\"ult_btn10_span   \">Sprawd\u017a co w okolicy - sezon zimowy<\/span>\n\t\t\t\t\t\t<span class=\"ult_link_btm3 \" style=\"border-color:#ffffff;border-bottom-width:2px;border-style:solid;\"><\/span>\n\t\t\t\t\t<\/a>\n\t\t\t\t<\/span>\n\t\t\t<\/span>[\/vc_column][\/vc_row]<\/p>\n<\/section>","protected":false},"excerpt":{"rendered":"<p>[vc_row content_placement=&#8221;middle&#8221; css=&#8221;.vc_custom_1580471293723{margin-right: 0px !important;margin-left: 0px !important;padding-top: 90px !important;padding-bottom: 90px !important;}&#8221;][vc_column parallax=&#8221;content-moving&#8221; parallax_image=&#8221;57368&#8243; width=&#8221;1\/2&#8243; css=&#8221;.vc_custom_1682349551226{margin-top: -60px !important;margin-right: 0px !important;padding-top: 200px !important;padding-right: 0px !important;padding-bottom: 200px !important;}&#8221;][\/vc_column][vc_column width=&#8221;1\/2&#8243; css=&#8221;.vc_custom_1580473381675{padding-top: 90px !important;padding-right: 12% !important;padding-bottom: 90px !important;padding-left: 12% !important;background-color: #ffffff !important;}&#8221;][vc_column_text css=&#8221;.vc_custom_1682349421566{margin-bottom: 30px !important;}&#8221;] Szczyrk to pi\u0119kne miasteczko w Beskidzie \u015al\u0105skim, kt\u00f3re przyci\u0105ga turyst\u00f3w przez ca\u0142y rok. Pensjonat Go\u015bciniec&hellip;<\/p>\n","protected":false},"author":1,"featured_media":0,"parent":0,"menu_order":0,"comment_status":"closed","ping_status":"closed","template":"","meta":{"footnotes":""},"class_list":["post-721","page","type-page","status-publish","hentry","description-off"],"_links":{"self":[{"href":"https:\/\/pensjonat-gosciniec.pl\/index.php?rest_route=\/wp\/v2\/pages\/721","targetHints":{"allow":["GET"]}}],"collection":[{"href":"https:\/\/pensjonat-gosciniec.pl\/index.php?rest_route=\/wp\/v2\/pages"}],"about":[{"href":"https:\/\/pensjonat-gosciniec.pl\/index.php?rest_route=\/wp\/v2\/types\/page"}],"author":[{"embeddable":true,"href":"https:\/\/pensjonat-gosciniec.pl\/index.php?rest_route=\/wp\/v2\/users\/1"}],"replies":[{"embeddable":true,"href":"https:\/\/pensjonat-gosciniec.pl\/index.php?rest_route=%2Fwp%2Fv2%2Fcomments&post=721"}],"version-history":[{"count":10,"href":"https:\/\/pensjonat-gosciniec.pl\/index.php?rest_route=\/wp\/v2\/pages\/721\/revisions"}],"predecessor-version":[{"id":57497,"href":"https:\/\/pensjonat-gosciniec.pl\/index.php?rest_route=\/wp\/v2\/pages\/721\/revisions\/57497"}],"wp:attachment":[{"href":"https:\/\/pensjonat-gosciniec.pl\/index.php?rest_route=%2Fwp%2Fv2%2Fmedia&parent=721"}],"curies":[{"name":"wp","href":"https:\/\/api.w.org\/{rel}","templated":true}]}}